{"id":165,"date":"2019-01-23T13:41:35","date_gmt":"2019-01-23T13:41:35","guid":{"rendered":"https:\/\/www.euconsumer.com\/?page_id=165"},"modified":"2022-07-21T13:57:10","modified_gmt":"2022-07-21T13:57:10","slug":"impressum","status":"publish","type":"page","link":"https:\/\/www.euconsumer.com\/index.php\/impressum\/","title":{"rendered":"Impressum\/DSGVO"},"content":{"rendered":"\n<h4>Konsumentenschutz transparent gemacht.<\/h4>\n<h1><img loading=\"lazy\" decoding=\"async\" src=\"https:\/\/euconsumer.com\/Transparencia1e.png\" alt=\"euconsumer\" width=\"60\" height=\"40\">euconsumer<\/h1>\n\n\n\n<p>M\u00e4rzstra\u00dfe 149\/14, 1140 Wien <br>Email: office@euconsumer.com<br><br>Vereinszweck: <br>Der Verein, dessen T\u00e4tigkeit nicht auf Gewinn gerichtet ist, bezweckt den Schutz der KonsumentenInnen. <br>Vereinsregisternummer: 157848755 Zust\u00e4ndige Beh\u00f6rde: Bundesministerium f\u00fcr Inneres <br>Organschaftlicher Vertreter: Mario Wolf <br><br><br>Hinweise: <br>Unsere Informationen werden sorgf\u00e4ltig gepr\u00fcft und laufend aktualisiert. Trotzdem k\u00f6nnen sich Daten in der Zwischenzeit ver\u00e4ndert haben. Eine Haftung f\u00fcr die Aktualit\u00e4t, Vollst\u00e4ndigkeit und die Richtigkeit der zur Verf\u00fcgung gestellten Daten kann daher nicht \u00fcbernommen werden. F\u00fcr Inhalte von Websites, auf die mittels Hyperlink verwiesen wird, \u00fcbernehmen wir keinerlei Verantwortung. Wir behalten uns das Recht vor Daten jederzeit zu ver\u00e4ndern und zu erg\u00e4nzen. Ausdr\u00fccklich weisen wir daraufhin, dass die auf dieser Webseite dargestellt Information keinerlei Rechtsberatung darstellt und auch nicht ersetzt.<\/p>\n\n\n\n<p>Bildnachweise<br>Standardlizenz erworben euconsumer Konsumentenschutz transparencia shutterstock<\/p>\n\n\n\n<p><\/p>\n\n\n\n<p><\/p>\n\n\n\n<p><strong>Datenschutzerkl\u00e4rung<\/strong><\/p>\n\n\n\n<p><strong>Erkl\u00e4rung zur Informationspflicht<\/strong><\/p>\n\n\n\n<p>Wenn Sie per Formular auf der Website, \u00fcber Facebook, whatsapp oder per E-Mail bzw \u00e4hnlichen socialmedia Kan\u00e4len Kontakt mit uns aufnehmen, werden Ihre angegebenen Daten (Telefonnummer, email, whatsapp etc) zwecks Bearbeitung der Anfrage und Kl\u00e4rung Ihrer Fragen zu dieser Anfrage und f\u00fcr den Fall von Anschlussfragen sechs Monate bei uns gespeichert. Gleichzeitig stimmen Sie der Kontaktaufnahme durch uns oder unsere Partner bei der Bearbeitung Ihrer Anfrage durch Telefon, whatsapp, email und \u00e4hnlichen Kan\u00e4len zu. Nur zum Zwecke der Bearbeitung der Anfrage und Kl\u00e4rung Ihrer Fragen zu dieser Anfrage k\u00f6nnen wir diese Daten auch an Dritte (etwa den Vereinsanwalt, externe Experten oder Andere) weiterleiten. Zus\u00e4tzlich willigen Sie ein, da\u00df wir Sie auch zu \u00e4hnlichen Dienstleistungen zu einem sp\u00e4teren Zeitpunkt kontaktieren d\u00fcrfen.<\/p>\n\n\n\n<p>Beim Besuch\nunserer Webseite wird Ihre IP-Adresse, Beginn und Ende der Sitzung f\u00fcr die\nDauer dieser Sitzung erfasst. Dies ist technisch bedingt und stellt damit ein\nberechtigtes Interesse iSv Art 6 Abs 1 lit f DSGVO dar. Soweit im Folgenden\nnichts anderes geregelt wird, werden diese Daten von uns nicht\nweiterverarbeitet.<\/p>\n\n\n\n<p><strong>Kontakt mit uns<\/strong><\/p>\n\n\n\n<p>Wenn Sie per Formular auf der Website, \u00fcber Facebook, whatsapp&nbsp; oder per E-Mail bzw \u00e4hnlichen socialmedia Kan\u00e4len Kontakt mit uns aufnehmen, werden Ihre angegebenen Daten (Telefonnummer, email, whatsapp etc) zwecks Bearbeitung der Anfrage und Kl\u00e4rung Ihrer Fragen zu dieser Anfrage und f\u00fcr den Fall von Anschlussfragen sechs Monate bei uns gespeichert. Nur zum Zwecke der Bearbeitung der Anfrage und Kl\u00e4rung Ihrer Fragen zu dieser Anfrage k\u00f6nnen wir diese Daten auch an Dritte (etwa den Vereinsanwalt, externe Experten oder Andere) weiterleiten. Zus\u00e4tzlich willigen Sie ein, dass wir Sie auch zu \u00e4hnlichen Dienstleistungen zu einem sp\u00e4teren Zeitpunkt kontaktieren d\u00fcrfen.<\/p>\n\n\n\n<p><strong>Datenspeicherung<\/strong><\/p>\n\n\n\n<p>Wir weisen\ndarauf hin, dass zum Zweck des einfacheren Einkaufsvorganges und zur sp\u00e4teren\nVertragsabwicklung vom Webshop-Betreiber im Rahmen von Cookies die IP-Daten des\nAnschlussinhabers gespeichert werden, ebenso wie Name, Telefonnummer, sonstige\nDaten der Wohnung, Anschrift und Kreditkartennummer&nbsp;des K\u00e4ufers.<\/p>\n\n\n\n<p>Die von\nIhnen bereit gestellten Daten sind zur Vertragserf\u00fcllung bzw zur Durchf\u00fchrung\nvorvertraglicher Ma\u00dfnahmen erforderlich. Ohne diese Daten k\u00f6nnen wir den\nVertrag mit Ihnen nicht abschlie\u00dfen. Eine Daten\u00fcbermittlung an Dritte erfolgt\nnicht, mit Ausnahme der \u00dcbermittlung der Kreditkartendaten an die abwickelnden\nBankinstitute \/ Zahlungsdienstleister zum Zwecke der Abbuchung des\nEinkaufspreises, an das von uns beauftragte\nTransportunternehmen\/Versandunternehmen zur Zustellung der Ware sowie an\nunseren Steuerberater zur Erf\u00fcllung unserer steuerrechtlichen Verpflichtungen.<\/p>\n\n\n\n<p>Nach Abbruch\ndes Einkaufsvorganges werden die bei uns gespeicherten Daten gel\u00f6scht. Im Falle\neines Vertragsabschlusses werden s\u00e4mtliche Daten aus dem Vertragsverh\u00e4ltnis bis\nzum Ablauf der steuerrechtlichen Aufbewahrungsfrist (7 Jahre)\ngespeichert.&nbsp;&nbsp;<\/p>\n\n\n\n<p>Die Daten\nName, Anschrift, gekaufte Waren und Kaufdatum werden dar\u00fcber hinaus bis zum\nAblauf der Produkthaftung (10 Jahre) gespeichert.&nbsp; Die Datenverarbeitung\nerfolgt auf Basis der gesetzlichen Bestimmungen des \u00a7 96 Abs 3 TKG sowie des\nArt 6 Abs 1 lit a (Einwilligung) und\/oder lit b (notwendig zur\nVertragserf\u00fcllung) der DSGVO.&nbsp;&nbsp;<\/p>\n\n\n\n<p><strong>Cookies<\/strong><\/p>\n\n\n\n<p>Unsere\nWebsite verwendet so genannte Cookies. Dabei handelt es sich um kleine\nTextdateien, die mit Hilfe des Browsers auf Ihrem Endger\u00e4t abgelegt werden. Sie\nrichten keinen Schaden an.<\/p>\n\n\n\n<p>Wir nutzen\nCookies dazu, unser Angebot nutzerfreundlich zu gestalten. Einige Cookies\nbleiben auf Ihrem Endger\u00e4t gespeichert, bis Sie diese l\u00f6schen. Sie erm\u00f6glichen\nes uns, Ihren Browser beim n\u00e4chsten Besuch wiederzuerkennen.<\/p>\n\n\n\n<p>Wenn Sie\ndies nicht w\u00fcnschen, so k\u00f6nnen Sie Ihren Browser so einrichten, dass er Sie\n\u00fcber das Setzen von Cookies informiert und Sie dies nur im Einzelfall erlauben.<\/p>\n\n\n\n<p>Bei der\nDeaktivierung von Cookies kann die Funktionalit\u00e4t unserer Website eingeschr\u00e4nkt\nsein.<\/p>\n\n\n\n<p><strong>Web-Analyse<\/strong><\/p>\n\n\n\n<p>Unsere\nWebsite verwendet Funktionen des Webanalysedienstes Google Analytics von&nbsp;<em>Google\nInc.<\/em>&nbsp;(1600 Amphitheatre Parkway, Mountain View, CA 94043, United States) ,\nsowie&nbsp;Mouseflow, der Mouseflow ApS, Flaesketorvet 68, 1711 Kopenhagen,\nD\u00e4nemark. Heirbei\nwerden Daten nur auf europ\u00e4ischen Serverbn gespeichert<em>. <\/em>Dazu werden\nCookies verwendet, die eine Analyse der Benutzung der Website durch Ihre\nBenutzer erm\u00f6glicht. Die dadurch erzeugten Informationen werden auf den Server\ndes Anbieters \u00fcbertragen und dort gespeichert.<\/p>\n\n\n\n<p>Sie k\u00f6nnen\ndies verhindern, indem Sie Ihren Browser so einrichten, dass keine Cookies\ngespeichert werden.<\/p>\n\n\n\n<p>Wir haben\nmit dem Anbieter einen entsprechenden Vertrag zur Auftragsdatenverarbeitung\nabgeschlossen.<\/p>\n\n\n\n<p>Ihre\nIP-Adresse wird erfasst, aber umgehend (z.B. durch L\u00f6schung der letzten 8 Bit)\npseudonymisiert. Dadurch ist nur mehr eine grobe Lokalisierung m\u00f6glich.<\/p>\n\n\n\n<p>Die\nDatenverarbeitung erfolgt auf Basis der gesetzlichen Bestimmungen des \u00a7 96 Abs\n3 TKG sowie des Art 6 Abs 1 lit a (Einwilligung) und\/oder f (berechtigtes\nInteresse) der DSGVO.<\/p>\n\n\n\n<p>Unser\nAnliegen im Sinne der DSGVO (berechtigtes Interesse) ist die Verbesserung\nunseres Angebotes und unseres Webauftritts. Da uns die Privatsph\u00e4re unserer\nNutzer wichtig ist, werden die Nutzerdaten pseudonymisiert .<\/p>\n\n\n\n<p>Die Nutzerdaten werden f\u00fcr die Dauer von bis zu 7 Jahren aufbewahrt, ausgenommen einer vorherigen L\u00f6schung durch Beendigung der Zusammenarbeit mit den betroffenen Unternehmen.<\/p>\n\n\n\n<p><strong>Newsletter<\/strong><\/p>\n\n\n\n<p>Sie haben\ndie M\u00f6glichkeit, \u00fcber unsere Website unseren Newsletter zu abonnieren. Hierf\u00fcr\nben\u00f6tigen wir Ihre E-Mail-Adresse und ihre Erkl\u00e4rung, dass Sie mit dem Bezug\ndes Newsletters einverstanden sind.&nbsp;Um Sie zielgerichtet mit Informationen\nzu versorgen, erheben und verarbeiten wir au\u00dferdem freiwillig gemachte Angaben\nzu Interessengebieten, Geburtstag und Postleitzahl .<\/p>\n\n\n\n<p>Das Abo des\nNewsletters k\u00f6nnen Sie jederzeit stornieren. Senden Sie Ihre Stornierung bitte\nan folgende E-Mail-Adresse im Impressum unsrerer Webseite. Wir l\u00f6schen\nanschlie\u00dfend umgehend Ihre Daten im Zusammenhang mit dem\nNewsletter-Versand.&nbsp;Durch diesen Widerruf wird die Rechtm\u00e4\u00dfigkeit der\naufgrund der Zustimmung bis zum Widerruf erfolgten Verarbeitung nicht ber\u00fchrt.<\/p>\n\n\n\n<p><strong>Ihre Rechte<\/strong><\/p>\n\n\n\n<p>Ihnen stehen\nbez\u00fcglich Ihrer bei uns gespeicherten Daten&nbsp;grunds\u00e4tzlich die Rechte auf\nAuskunft, Berichtigung, L\u00f6schung, Einschr\u00e4nkung, Daten\u00fcbertragbarkeit, Widerruf\nund Widerspruch zu. Wenn Sie glauben, dass die Verarbeitung Ihrer Daten gegen\ndas Datenschutzrecht verst\u00f6\u00dft oder Ihre datenschutzrechtlichen Anspr\u00fcche sonst\nin einer Weise verletzt worden sind, k\u00f6nnen Sie sich bei uns \u00fcber die email in\nunserem Impressum&nbsp;oder der Datenschutzbeh\u00f6rde beschweren.<\/p>\n\n\n\n<p><strong>Sie erreichen uns unter folgenden Kontaktdaten:<\/strong><\/p>\n\n\n\n<p>Personenbezogene\nDaten (nachfolgend zumeist nur \u201eDaten\u201c genannt) werden von uns nur im Rahmen\nder Erforderlichkeit sowie zum Zwecke der Bereitstellung eines funktionsf\u00e4higen\nund nutzerfreundlichen Internetauftritts, inklusive seiner Inhalte und der dort\nangebotenen Leistungen, verarbeitet.<\/p>\n\n\n\n<p>Gem\u00e4\u00df Art. 4\nZiffer 1. der Verordnung (EU) 2016\/679, also der Datenschutz-Grundverordnung\n(nachfolgend nur \u201eDSGVO\u201c genannt), gilt als \u201eVerarbeitung\u201c jeder mit oder ohne\nHilfe automatisierter Verfahren ausgef\u00fchrter Vorgang oder jede solche Vorgangsreihe\nim Zusammenhang mit personenbezogenen Daten, wie das Erheben, das Erfassen, die\nOrganisation, das Ordnen, die Speicherung, die Anpassung oder Ver\u00e4nderung, das\nAuslesen, das Abfragen, die Verwendung, die Offenlegung durch \u00dcbermittlung,\nVerbreitung oder eine andere Form der Bereitstellung, den Abgleich oder die\nVerkn\u00fcpfung, die Einschr\u00e4nkung, das L\u00f6schen oder die Vernichtung<\/p>\n\n\n\n<p>Verantwortlicher\nAnbieter dieses Internetauftritts im datenschutzrechtlichen Sinne ist:<\/p>\n\n\n\n<p>Verein euconsumer transparencia Konsumentenschutz<br> M\u00e4rzstra\u00dfe 149\/14<br> 1140 Wien<\/p>\n\n\n\n<p>E-Mail: office@euconsumer.com<\/p>\n","protected":false},"excerpt":{"rendered":"<p>Konsumentenschutz transparent gemacht. euconsumer M\u00e4rzstra\u00dfe 149\/14, 1140 Wien Email: office@euconsumer.com Vereinszweck: Der Verein, dessen T\u00e4tigkeit nicht auf Gewinn gerichtet ist, bezweckt den Schutz der KonsumentenInnen. Vereinsregisternummer: 157848755 Zust\u00e4ndige Beh\u00f6rde: Bundesministerium&nbsp;[ &hellip; ]<\/p>\n","protected":false},"author":1,"featured_media":0,"parent":0,"menu_order":0,"comment_status":"closed","ping_status":"closed","template":"","meta":{"footnotes":""},"class_list":["post-165","page","type-page","status-publish","hentry","list-style-post"],"aioseo_notices":[],"_links":{"self":[{"href":"https:\/\/www.euconsumer.com\/index.php\/wp-json\/wp\/v2\/pages\/165"}],"collection":[{"href":"https:\/\/www.euconsumer.com\/index.php\/wp-json\/wp\/v2\/pages"}],"about":[{"href":"https:\/\/www.euconsumer.com\/index.php\/wp-json\/wp\/v2\/types\/page"}],"author":[{"embeddable":true,"href":"https:\/\/www.euconsumer.com\/index.php\/wp-json\/wp\/v2\/users\/1"}],"replies":[{"embeddable":true,"href":"https:\/\/www.euconsumer.com\/index.php\/wp-json\/wp\/v2\/comments?post=165"}],"version-history":[{"count":14,"href":"https:\/\/www.euconsumer.com\/index.php\/wp-json\/wp\/v2\/pages\/165\/revisions"}],"predecessor-version":[{"id":665,"href":"https:\/\/www.euconsumer.com\/index.php\/wp-json\/wp\/v2\/pages\/165\/revisions\/665"}],"wp:attachment":[{"href":"https:\/\/www.euconsumer.com\/index.php\/wp-json\/wp\/v2\/media?parent=165"}],"curies":[{"name":"wp","href":"https:\/\/api.w.org\/{rel}","templated":true}]}}